{"id":8828,"date":"2023-08-11T11:41:53","date_gmt":"2023-08-11T11:41:53","guid":{"rendered":"https:\/\/pilgerherberge-sg.ch\/table-ronde-des-pelerins\/"},"modified":"2025-03-01T14:07:33","modified_gmt":"2025-03-01T14:07:33","slug":"table-ronde-des-pelerins","status":"publish","type":"page","link":"https:\/\/pilgerherberge-sg.ch\/fr\/table-ronde-des-pelerins\/","title":{"rendered":"Table ronde des p\u00e8lerins"},"content":{"rendered":"\t\t<div data-elementor-type=\"wp-page\" data-elementor-id=\"8828\" class=\"elementor elementor-8828 elementor-6128\" data-elementor-post-type=\"page\">\n\t\t\t\t\t\t<section class=\"elementor-section elementor-top-section elementor-element elementor-element-cba7db4 elementor-reverse-tablet elementor-reverse-mobile elementor-section-boxed elementor-section-height-default elementor-section-height-default\" data-id=\"cba7db4\" data-element_type=\"section\" data-e-type=\"section\">\n\t\t\t\t\t\t<div class=\"elementor-container elementor-column-gap-default\">\n\t\t\t\t\t<div class=\"elementor-column elementor-col-66 elementor-top-column elementor-element elementor-element-80f31cf\" data-id=\"80f31cf\" data-element_type=\"column\" data-e-type=\"column\">\n\t\t\t<div class=\"elementor-widget-wrap elementor-element-populated\">\n\t\t\t\t\t\t<div class=\"elementor-element elementor-element-59bf737 elementor-widget elementor-widget-spacer\" data-id=\"59bf737\" data-element_type=\"widget\" data-e-type=\"widget\" data-widget_type=\"spacer.default\">\n\t\t\t\t<div class=\"elementor-widget-container\">\n\t\t\t\t\t\t\t<div class=\"elementor-spacer\">\n\t\t\t<div class=\"elementor-spacer-inner\"><\/div>\n\t\t<\/div>\n\t\t\t\t\t\t<\/div>\n\t\t\t\t<\/div>\n\t\t\t\t<div class=\"elementor-element elementor-element-3037d7d elementor-widget elementor-widget-heading\" data-id=\"3037d7d\" data-element_type=\"widget\" data-e-type=\"widget\" data-widget_type=\"heading.default\">\n\t\t\t\t<div class=\"elementor-widget-container\">\n\t\t\t\t\t<h2 class=\"elementor-heading-title elementor-size-default\">Table ronde des p\u00e8lerins de Saint-Jacques <br> Regio Saint-Gall<\/h2>\t\t\t\t<\/div>\n\t\t\t\t<\/div>\n\t\t\t\t<div class=\"elementor-element elementor-element-228091a elementor-widget elementor-widget-text-editor\" data-id=\"228091a\" data-element_type=\"widget\" data-e-type=\"widget\" data-widget_type=\"text-editor.default\">\n\t\t\t\t<div class=\"elementor-widget-container\">\n\t\t\t\t\t\t\t\t\t<p>La table ronde des p\u00e8lerins de la Regio St. Gallen est une rencontre ouverte aux p\u00e8lerins exp\u00e9riment\u00e9s et aux futurs p\u00e8lerins sur le chemin de Saint-Jacques.<br \/>Chaque dernier mardi du mois, une table ronde r\u00e9gionale est organis\u00e9e. Les gens peuvent s&#8217;y procurer des informations pour leur p\u00e8lerinage pr\u00e9vu ou des p\u00e8lerins y racontent leurs exp\u00e9riences.<br \/>La rencontre n&#8217;est pas structur\u00e9e, mais se d\u00e9roule dans un cadre agr\u00e9able et informel. Ceux qui le souhaitent peuvent manger quelque chose en m\u00eame temps ou simplement boire quelque chose.<\/p>\n<p>Renseignements aupr\u00e8s de Markus Jud: <a style=\"color: #0050ad;\" href=\"mailto:stamm@pilgerherberge-sg.ch\">stamm@pilgerherberge-sg.ch<\/a><\/p>\n\t\t\t\t\t\t\t\t<\/div>\n\t\t\t\t<\/div>\n\t\t\t\t\t<\/div>\n\t\t<\/div>\n\t\t\t\t<div class=\"elementor-column elementor-col-33 elementor-top-column elementor-element elementor-element-1216c84\" data-id=\"1216c84\" data-element_type=\"column\" data-e-type=\"column\">\n\t\t\t<div class=\"elementor-widget-wrap elementor-element-populated\">\n\t\t\t\t\t\t<div class=\"elementor-element elementor-element-fae0db8 elementor-widget elementor-widget-image\" data-id=\"fae0db8\" data-element_type=\"widget\" data-e-type=\"widget\" data-widget_type=\"image.default\">\n\t\t\t\t<div class=\"elementor-widget-container\">\n\t\t\t\t\t\t\t\t\t\t\t\t\t\t\t<img fetchpriority=\"high\" decoding=\"async\" width=\"787\" height=\"270\" src=\"https:\/\/pilgerherberge-sg.ch\/wp-content\/uploads\/2020\/07\/logo-jakobspilgerstamm-regio-sankt-gallen-schmal.jpg\" class=\"attachment-large size-large wp-image-8193\" alt=\"\" srcset=\"https:\/\/pilgerherberge-sg.ch\/wp-content\/uploads\/2020\/07\/logo-jakobspilgerstamm-regio-sankt-gallen-schmal.jpg 787w, https:\/\/pilgerherberge-sg.ch\/wp-content\/uploads\/2020\/07\/logo-jakobspilgerstamm-regio-sankt-gallen-schmal-300x103.jpg 300w, https:\/\/pilgerherberge-sg.ch\/wp-content\/uploads\/2020\/07\/logo-jakobspilgerstamm-regio-sankt-gallen-schmal-200x69.jpg 200w, https:\/\/pilgerherberge-sg.ch\/wp-content\/uploads\/2020\/07\/logo-jakobspilgerstamm-regio-sankt-gallen-schmal-400x137.jpg 400w, https:\/\/pilgerherberge-sg.ch\/wp-content\/uploads\/2020\/07\/logo-jakobspilgerstamm-regio-sankt-gallen-schmal-600x206.jpg 600w\" sizes=\"(max-width: 787px) 100vw, 787px\" \/>\t\t\t\t\t\t\t\t\t\t\t\t\t\t\t<\/div>\n\t\t\t\t<\/div>\n\t\t\t\t\t<\/div>\n\t\t<\/div>\n\t\t\t\t\t<\/div>\n\t\t<\/section>\n\t\t\t\t<section class=\"elementor-section elementor-top-section elementor-element elementor-element-7858811 elementor-section-boxed elementor-section-height-default elementor-section-height-default\" data-id=\"7858811\" data-element_type=\"section\" data-e-type=\"section\">\n\t\t\t\t\t\t<div class=\"elementor-container elementor-column-gap-default\">\n\t\t\t\t\t<div class=\"elementor-column elementor-col-100 elementor-top-column elementor-element elementor-element-c838da7\" data-id=\"c838da7\" data-element_type=\"column\" data-e-type=\"column\">\n\t\t\t<div class=\"elementor-widget-wrap elementor-element-populated\">\n\t\t\t\t\t\t<div class=\"elementor-element elementor-element-e320f28 elementor-widget elementor-widget-spacer\" data-id=\"e320f28\" data-element_type=\"widget\" data-e-type=\"widget\" data-widget_type=\"spacer.default\">\n\t\t\t\t<div class=\"elementor-widget-container\">\n\t\t\t\t\t\t\t<div class=\"elementor-spacer\">\n\t\t\t<div class=\"elementor-spacer-inner\"><\/div>\n\t\t<\/div>\n\t\t\t\t\t\t<\/div>\n\t\t\t\t<\/div>\n\t\t\t\t\t<\/div>\n\t\t<\/div>\n\t\t\t\t\t<\/div>\n\t\t<\/section>\n\t\t\t\t<section class=\"elementor-section elementor-top-section elementor-element elementor-element-e517979 elementor-reverse-mobile elementor-section-boxed elementor-section-height-default elementor-section-height-default\" data-id=\"e517979\" data-element_type=\"section\" data-e-type=\"section\">\n\t\t\t\t\t\t<div class=\"elementor-container elementor-column-gap-wide\">\n\t\t\t\t\t<div class=\"elementor-column elementor-col-50 elementor-top-column elementor-element elementor-element-5349b1f\" data-id=\"5349b1f\" data-element_type=\"column\" data-e-type=\"column\">\n\t\t\t<div class=\"elementor-widget-wrap elementor-element-populated\">\n\t\t\t\t\t\t<div class=\"elementor-element elementor-element-8569773 elementor-widget elementor-widget-google_maps\" data-id=\"8569773\" data-element_type=\"widget\" data-e-type=\"widget\" data-widget_type=\"google_maps.default\">\n\t\t\t\t<div class=\"elementor-widget-container\">\n\t\t\t\t\t\t\t<div class=\"elementor-custom-embed\">\n\t\t\t<iframe loading=\"lazy\"\n\t\t\t\t\tsrc=\"https:\/\/maps.google.com\/maps?q=brauwerk%2C%20st.gallen&#038;t=m&#038;z=15&#038;output=embed&#038;iwloc=near\"\n\t\t\t\t\ttitle=\"brauwerk, st.gallen\"\n\t\t\t\t\taria-label=\"brauwerk, st.gallen\"\n\t\t\t><\/iframe>\n\t\t<\/div>\n\t\t\t\t\t\t<\/div>\n\t\t\t\t<\/div>\n\t\t\t\t\t<\/div>\n\t\t<\/div>\n\t\t\t\t<div class=\"elementor-column elementor-col-50 elementor-top-column elementor-element elementor-element-31f1d7f\" data-id=\"31f1d7f\" data-element_type=\"column\" data-e-type=\"column\">\n\t\t\t<div class=\"elementor-widget-wrap elementor-element-populated\">\n\t\t\t\t\t\t<div class=\"elementor-element elementor-element-ca00e41 elementor-widget elementor-widget-heading\" data-id=\"ca00e41\" data-element_type=\"widget\" data-e-type=\"widget\" data-widget_type=\"heading.default\">\n\t\t\t\t<div class=\"elementor-widget-container\">\n\t\t\t\t\t<h2 class=\"elementor-heading-title elementor-size-default\">Lieu<\/h2>\t\t\t\t<\/div>\n\t\t\t\t<\/div>\n\t\t\t\t<div class=\"elementor-element elementor-element-456f7c7 elementor-widget elementor-widget-text-editor\" data-id=\"456f7c7\" data-element_type=\"widget\" data-e-type=\"widget\" data-widget_type=\"text-editor.default\">\n\t\t\t\t<div class=\"elementor-widget-container\">\n\t\t\t\t\t\t\t\t\t<p>La table des habitu\u00e9s de la Regio St. Gallen a lieu au restaurant Brauwerk, rez-de-chauss\u00e9e ou 1er \u00e9tage tout au fond, Bahnhofstrasse 19, 9000 St. Gallen.<\/p>\n\t\t\t\t\t\t\t\t<\/div>\n\t\t\t\t<\/div>\n\t\t\t\t<div class=\"elementor-element elementor-element-d33450e elementor-widget elementor-widget-heading\" data-id=\"d33450e\" data-element_type=\"widget\" data-e-type=\"widget\" data-widget_type=\"heading.default\">\n\t\t\t\t<div class=\"elementor-widget-container\">\n\t\t\t\t\t<h3 class=\"elementor-heading-title elementor-size-default\">Dates 2025<\/h3>\t\t\t\t<\/div>\n\t\t\t\t<\/div>\n\t\t\t\t<div class=\"elementor-element elementor-element-7685e16 elementor-widget elementor-widget-text-editor\" data-id=\"7685e16\" data-element_type=\"widget\" data-e-type=\"widget\" data-widget_type=\"text-editor.default\">\n\t\t\t\t<div class=\"elementor-widget-container\">\n\t\t\t\t\t\t\t\t\t<p>Chaque dernier mardi du mois \u00e0 partir de 19h00<\/p>\n\t\t\t\t\t\t\t\t<\/div>\n\t\t\t\t<\/div>\n\t\t\t\t<div class=\"elementor-element elementor-element-77d3af8 elementor-align-start elementor-icon-list--layout-traditional elementor-list-item-link-full_width elementor-widget elementor-widget-icon-list\" data-id=\"77d3af8\" data-element_type=\"widget\" data-e-type=\"widget\" data-widget_type=\"icon-list.default\">\n\t\t\t\t<div class=\"elementor-widget-container\">\n\t\t\t\t\t\t\t<ul class=\"elementor-icon-list-items\">\n\t\t\t\t\t\t\t<li class=\"elementor-icon-list-item\">\n\t\t\t\t\t\t\t\t\t\t<span class=\"elementor-icon-list-text\">26 f\u00e9vrier<\/span>\n\t\t\t\t\t\t\t\t\t<\/li>\n\t\t\t\t\t\t\t\t<li class=\"elementor-icon-list-item\">\n\t\t\t\t\t\t\t\t\t\t<span class=\"elementor-icon-list-text\">25 mars<\/span>\n\t\t\t\t\t\t\t\t\t<\/li>\n\t\t\t\t\t\t\t\t<li class=\"elementor-icon-list-item\">\n\t\t\t\t\t\t\t\t\t\t<span class=\"elementor-icon-list-text\">29 avril<\/span>\n\t\t\t\t\t\t\t\t\t<\/li>\n\t\t\t\t\t\t\t\t<li class=\"elementor-icon-list-item\">\n\t\t\t\t\t\t\t\t\t\t<span class=\"elementor-icon-list-text\">27 mai<\/span>\n\t\t\t\t\t\t\t\t\t<\/li>\n\t\t\t\t\t\t\t\t<li class=\"elementor-icon-list-item\">\n\t\t\t\t\t\t\t\t\t\t<span class=\"elementor-icon-list-text\">24 juin<\/span>\n\t\t\t\t\t\t\t\t\t<\/li>\n\t\t\t\t\t\t\t\t<li class=\"elementor-icon-list-item\">\n\t\t\t\t\t\t\t\t\t\t<span class=\"elementor-icon-list-text\">25 juillet : Jour de la Saint-Jacques<\/span>\n\t\t\t\t\t\t\t\t\t<\/li>\n\t\t\t\t\t\t\t\t<li class=\"elementor-icon-list-item\">\n\t\t\t\t\t\t\t\t\t\t<span class=\"elementor-icon-list-text\">26 ao\u00fbt<\/span>\n\t\t\t\t\t\t\t\t\t<\/li>\n\t\t\t\t\t\t\t\t<li class=\"elementor-icon-list-item\">\n\t\t\t\t\t\t\t\t\t\t<span class=\"elementor-icon-list-text\">23 septembre<\/span>\n\t\t\t\t\t\t\t\t\t<\/li>\n\t\t\t\t\t\t\t\t<li class=\"elementor-icon-list-item\">\n\t\t\t\t\t\t\t\t\t\t<span class=\"elementor-icon-list-text\">28 octobre<\/span>\n\t\t\t\t\t\t\t\t\t<\/li>\n\t\t\t\t\t\t\t\t<li class=\"elementor-icon-list-item\">\n\t\t\t\t\t\t\t\t\t\t<span class=\"elementor-icon-list-text\">25 novembre<\/span>\n\t\t\t\t\t\t\t\t\t<\/li>\n\t\t\t\t\t\t\t\t<li class=\"elementor-icon-list-item\">\n\t\t\t\t\t\t\t\t\t\t<span class=\"elementor-icon-list-text\">06 d\u00e9cembre : 6:00 Rorate des p\u00e8lerins<br><\/span>\n\t\t\t\t\t\t\t\t\t<\/li>\n\t\t\t\t\t\t<\/ul>\n\t\t\t\t\t\t<\/div>\n\t\t\t\t<\/div>\n\t\t\t\t\t<\/div>\n\t\t<\/div>\n\t\t\t\t\t<\/div>\n\t\t<\/section>\n\t\t\t\t<section class=\"elementor-section elementor-top-section elementor-element elementor-element-9200bc8 elementor-section-boxed elementor-section-height-default elementor-section-height-default\" data-id=\"9200bc8\" data-element_type=\"section\" data-e-type=\"section\">\n\t\t\t\t\t\t<div class=\"elementor-container elementor-column-gap-default\">\n\t\t\t\t\t<div class=\"elementor-column elementor-col-100 elementor-top-column elementor-element elementor-element-fabd6cd\" data-id=\"fabd6cd\" data-element_type=\"column\" data-e-type=\"column\">\n\t\t\t<div class=\"elementor-widget-wrap elementor-element-populated\">\n\t\t\t\t\t\t<div class=\"elementor-element elementor-element-e5fa135 elementor-widget elementor-widget-spacer\" data-id=\"e5fa135\" data-element_type=\"widget\" data-e-type=\"widget\" data-widget_type=\"spacer.default\">\n\t\t\t\t<div class=\"elementor-widget-container\">\n\t\t\t\t\t\t\t<div class=\"elementor-spacer\">\n\t\t\t<div class=\"elementor-spacer-inner\"><\/div>\n\t\t<\/div>\n\t\t\t\t\t\t<\/div>\n\t\t\t\t<\/div>\n\t\t\t\t<div class=\"elementor-element elementor-element-a938a63 elementor-widget elementor-widget-heading\" data-id=\"a938a63\" data-element_type=\"widget\" data-e-type=\"widget\" data-widget_type=\"heading.default\">\n\t\t\t\t<div class=\"elementor-widget-container\">\n\t\t\t\t\t<h2 class=\"elementor-heading-title elementor-size-default\">Table ronde des p\u00e8lerins de Suisse<\/h2>\t\t\t\t<\/div>\n\t\t\t\t<\/div>\n\t\t\t\t<div class=\"elementor-element elementor-element-39d8292 elementor-widget elementor-widget-text-editor\" data-id=\"39d8292\" data-element_type=\"widget\" data-e-type=\"widget\" data-widget_type=\"text-editor.default\">\n\t\t\t\t<div class=\"elementor-widget-container\">\n\t\t\t\t\t\t\t\t\t<p>Les adresses des tribus de p\u00e8lerins dans d&#8217;autres r\u00e9gions de Suisse, compil\u00e9es par l&#8217;association suisse des amis du chemin de Saint-Jacques, <a style=\"color: #0050ad;\" href=\"https:\/\/viajacobi4.ch\/de\/stamms-2\/\" target=\"_blank\" rel=\"noopener\">se trouvent ici.<\/a><\/p>\n\t\t\t\t\t\t\t\t<\/div>\n\t\t\t\t<\/div>\n\t\t\t\t<div class=\"elementor-element elementor-element-174d669 elementor-widget elementor-widget-spacer\" data-id=\"174d669\" data-element_type=\"widget\" data-e-type=\"widget\" data-widget_type=\"spacer.default\">\n\t\t\t\t<div class=\"elementor-widget-container\">\n\t\t\t\t\t\t\t<div class=\"elementor-spacer\">\n\t\t\t<div class=\"elementor-spacer-inner\"><\/div>\n\t\t<\/div>\n\t\t\t\t\t\t<\/div>\n\t\t\t\t<\/div>\n\t\t\t\t\t<\/div>\n\t\t<\/div>\n\t\t\t\t\t<\/div>\n\t\t<\/section>\n\t\t\t\t<\/div>\n\t\t","protected":false},"excerpt":{"rendered":"<p>Table ronde des p\u00e8lerins de Saint-Jacques Regio Saint-Gall La table ronde des p\u00e8lerins de la Regio St. Gallen est une rencontre ouverte aux p\u00e8lerins exp\u00e9riment\u00e9s et aux futurs p\u00e8lerins sur le chemin de Saint-Jacques.Chaque dernier mardi du mois, une table ronde r\u00e9gionale est organis\u00e9e. Les gens peuvent s&#8217;y procurer des informations pour leur p\u00e8lerinage pr\u00e9vu [&hellip;]<\/p>\n","protected":false},"author":1,"featured_media":0,"parent":0,"menu_order":0,"comment_status":"closed","ping_status":"closed","template":"elementor_header_footer","meta":{"_acf_changed":false,"footnotes":""},"class_list":["post-8828","page","type-page","status-publish","hentry"],"acf":[],"_links":{"self":[{"href":"https:\/\/pilgerherberge-sg.ch\/fr\/wp-json\/wp\/v2\/pages\/8828","targetHints":{"allow":["GET"]}}],"collection":[{"href":"https:\/\/pilgerherberge-sg.ch\/fr\/wp-json\/wp\/v2\/pages"}],"about":[{"href":"https:\/\/pilgerherberge-sg.ch\/fr\/wp-json\/wp\/v2\/types\/page"}],"author":[{"embeddable":true,"href":"https:\/\/pilgerherberge-sg.ch\/fr\/wp-json\/wp\/v2\/users\/1"}],"replies":[{"embeddable":true,"href":"https:\/\/pilgerherberge-sg.ch\/fr\/wp-json\/wp\/v2\/comments?post=8828"}],"version-history":[{"count":24,"href":"https:\/\/pilgerherberge-sg.ch\/fr\/wp-json\/wp\/v2\/pages\/8828\/revisions"}],"predecessor-version":[{"id":11348,"href":"https:\/\/pilgerherberge-sg.ch\/fr\/wp-json\/wp\/v2\/pages\/8828\/revisions\/11348"}],"wp:attachment":[{"href":"https:\/\/pilgerherberge-sg.ch\/fr\/wp-json\/wp\/v2\/media?parent=8828"}],"curies":[{"name":"wp","href":"https:\/\/api.w.org\/{rel}","templated":true}]}}