{"id":8832,"date":"2023-06-22T08:34:52","date_gmt":"2023-06-22T08:34:52","guid":{"rendered":"https:\/\/pilgerherberge-sg.ch\/passeport-du-pelerin\/"},"modified":"2025-03-01T14:05:49","modified_gmt":"2025-03-01T14:05:49","slug":"passeport-du-pelerin","status":"publish","type":"page","link":"https:\/\/pilgerherberge-sg.ch\/fr\/passeport-du-pelerin\/","title":{"rendered":"Passeport du p\u00e8lerin"},"content":{"rendered":"\t\t<div data-elementor-type=\"wp-page\" data-elementor-id=\"8832\" class=\"elementor elementor-8832 elementor-5305\" data-elementor-post-type=\"page\">\n\t\t\t\t\t\t<section class=\"elementor-section elementor-top-section elementor-element elementor-element-3789893 elementor-section-full_width elementor-section-height-default elementor-section-height-default\" data-id=\"3789893\" data-element_type=\"section\" data-e-type=\"section\">\n\t\t\t\t\t\t<div class=\"elementor-container elementor-column-gap-default\">\n\t\t\t\t\t<div class=\"elementor-column elementor-col-100 elementor-top-column elementor-element elementor-element-b5c4fc0\" data-id=\"b5c4fc0\" data-element_type=\"column\" data-e-type=\"column\">\n\t\t\t<div class=\"elementor-widget-wrap elementor-element-populated\">\n\t\t\t\t\t\t<div class=\"elementor-element elementor-element-3dbb2ec elementor-widget elementor-widget-spacer\" data-id=\"3dbb2ec\" data-element_type=\"widget\" data-e-type=\"widget\" data-widget_type=\"spacer.default\">\n\t\t\t\t<div class=\"elementor-widget-container\">\n\t\t\t\t\t\t\t<div class=\"elementor-spacer\">\n\t\t\t<div class=\"elementor-spacer-inner\"><\/div>\n\t\t<\/div>\n\t\t\t\t\t\t<\/div>\n\t\t\t\t<\/div>\n\t\t\t\t<div class=\"elementor-element elementor-element-d21b9fc elementor-widget elementor-widget-heading\" data-id=\"d21b9fc\" data-element_type=\"widget\" data-e-type=\"widget\" data-widget_type=\"heading.default\">\n\t\t\t\t<div class=\"elementor-widget-container\">\n\t\t\t\t\t<h1 class=\"elementor-heading-title elementor-size-default\">Commander un passeport de p\u00e8lerin<\/h1>\t\t\t\t<\/div>\n\t\t\t\t<\/div>\n\t\t\t\t<div class=\"elementor-element elementor-element-eebd092 elementor-widget elementor-widget-text-editor\" data-id=\"eebd092\" data-element_type=\"widget\" data-e-type=\"widget\" data-widget_type=\"text-editor.default\">\n\t\t\t\t<div class=\"elementor-widget-container\">\n\t\t\t\t\t\t\t\t\t<p>Nous acceptons la commande du carnet de p\u00e8lerin au moyen du formulaire ci-dessous. Vous pouvez commander une coquille Saint-Jacques en m\u00eame temps. Les champs marqu\u00e9s d&#8217;un <span class=\"ninja-forms-req-symbol\" style=\"color: #ff0000;\">*<\/span> sont obligatoires<\/p>\n\t\t\t\t\t\t\t\t<\/div>\n\t\t\t\t<\/div>\n\t\t\t\t<div class=\"elementor-element elementor-element-015b697 elementor-widget elementor-widget-spacer\" data-id=\"015b697\" data-element_type=\"widget\" data-e-type=\"widget\" data-widget_type=\"spacer.default\">\n\t\t\t\t<div class=\"elementor-widget-container\">\n\t\t\t\t\t\t\t<div class=\"elementor-spacer\">\n\t\t\t<div class=\"elementor-spacer-inner\"><\/div>\n\t\t<\/div>\n\t\t\t\t\t\t<\/div>\n\t\t\t\t<\/div>\n\t\t\t\t<div class=\"elementor-element elementor-element-6f20881 elementor-button-align-stretch elementor-widget elementor-widget-form\" data-id=\"6f20881\" data-element_type=\"widget\" data-e-type=\"widget\" data-settings=\"{&quot;step_next_label&quot;:&quot;Prochain&quot;,&quot;step_previous_label&quot;:&quot;Pr\\u00e9c\\u00e9dent&quot;,&quot;button_width&quot;:&quot;20&quot;,&quot;step_type&quot;:&quot;number_text&quot;,&quot;step_icon_shape&quot;:&quot;circle&quot;}\" data-widget_type=\"form.default\">\n\t\t\t\t<div class=\"elementor-widget-container\">\n\t\t\t\t\t\t\t<form class=\"elementor-form\" method=\"post\" name=\"Passeport du p\u00e8lerin\" aria-label=\"Passeport du p\u00e8lerin\">\n\t\t\t<input type=\"hidden\" name=\"post_id\" value=\"8832\"\/>\n\t\t\t<input type=\"hidden\" name=\"form_id\" value=\"6f20881\"\/>\n\t\t\t<input type=\"hidden\" name=\"referer_title\" value=\"\" \/>\n\n\t\t\t\n\t\t\t<div class=\"elementor-form-fields-wrapper elementor-labels-above\">\n\t\t\t\t\t\t\t\t<div class=\"elementor-field-type-text elementor-field-group elementor-column elementor-field-group-name elementor-col-100 elementor-field-required elementor-mark-required\">\n\t\t\t\t\t\t\t\t\t\t\t\t<label for=\"form-field-name\" class=\"elementor-field-label\">\n\t\t\t\t\t\t\t\tNom de famille\t\t\t\t\t\t\t<\/label>\n\t\t\t\t\t\t\t\t\t\t\t\t\t\t<input size=\"1\" type=\"text\" name=\"form_fields[name]\" id=\"form-field-name\" class=\"elementor-field elementor-size-md  elementor-field-textual\" placeholder=\"Nom de famille\" required=\"required\">\n\t\t\t\t\t\t\t\t\t\t\t<\/div>\n\t\t\t\t\t\t\t\t<div class=\"elementor-field-type-text elementor-field-group elementor-column elementor-field-group-field_a8acf8c elementor-col-100 elementor-field-required elementor-mark-required\">\n\t\t\t\t\t\t\t\t\t\t\t\t<label for=\"form-field-field_a8acf8c\" class=\"elementor-field-label\">\n\t\t\t\t\t\t\t\tPr\u00e9nom\t\t\t\t\t\t\t<\/label>\n\t\t\t\t\t\t\t\t\t\t\t\t\t\t<input size=\"1\" type=\"text\" name=\"form_fields[field_a8acf8c]\" id=\"form-field-field_a8acf8c\" class=\"elementor-field elementor-size-md  elementor-field-textual\" placeholder=\"Pr\u00e9nom\" required=\"required\">\n\t\t\t\t\t\t\t\t\t\t\t<\/div>\n\t\t\t\t\t\t\t\t<div class=\"elementor-field-type-text elementor-field-group elementor-column elementor-field-group-field_fa47255 elementor-col-100 elementor-field-required elementor-mark-required\">\n\t\t\t\t\t\t\t\t\t\t\t\t<label for=\"form-field-field_fa47255\" class=\"elementor-field-label\">\n\t\t\t\t\t\t\t\tRue, num\u00e9ro\t\t\t\t\t\t\t<\/label>\n\t\t\t\t\t\t\t\t\t\t\t\t\t\t<input size=\"1\" type=\"text\" name=\"form_fields[field_fa47255]\" id=\"form-field-field_fa47255\" class=\"elementor-field elementor-size-md  elementor-field-textual\" placeholder=\"Rue, num\u00e9ro\" required=\"required\">\n\t\t\t\t\t\t\t\t\t\t\t<\/div>\n\t\t\t\t\t\t\t\t<div class=\"elementor-field-type-text elementor-field-group elementor-column elementor-field-group-field_f1d9b7f elementor-col-100 elementor-field-required elementor-mark-required\">\n\t\t\t\t\t\t\t\t\t\t\t\t<label for=\"form-field-field_f1d9b7f\" class=\"elementor-field-label\">\n\t\t\t\t\t\t\t\tCODE POSTAL\t\t\t\t\t\t\t<\/label>\n\t\t\t\t\t\t\t\t\t\t\t\t\t\t<input size=\"1\" type=\"text\" name=\"form_fields[field_f1d9b7f]\" id=\"form-field-field_f1d9b7f\" class=\"elementor-field elementor-size-md  elementor-field-textual\" placeholder=\"CODE POSTAL\" required=\"required\">\n\t\t\t\t\t\t\t\t\t\t\t<\/div>\n\t\t\t\t\t\t\t\t<div class=\"elementor-field-type-text elementor-field-group elementor-column elementor-field-group-field_2b3ea55 elementor-col-100 elementor-field-required elementor-mark-required\">\n\t\t\t\t\t\t\t\t\t\t\t\t<label for=\"form-field-field_2b3ea55\" class=\"elementor-field-label\">\n\t\t\t\t\t\t\t\tLieu\t\t\t\t\t\t\t<\/label>\n\t\t\t\t\t\t\t\t\t\t\t\t\t\t<input size=\"1\" type=\"text\" name=\"form_fields[field_2b3ea55]\" id=\"form-field-field_2b3ea55\" class=\"elementor-field elementor-size-md  elementor-field-textual\" placeholder=\"Lieu\" required=\"required\">\n\t\t\t\t\t\t\t\t\t\t\t<\/div>\n\t\t\t\t\t\t\t\t<div class=\"elementor-field-type-text elementor-field-group elementor-column elementor-field-group-field_39694d1 elementor-col-100\">\n\t\t\t\t\t\t\t\t\t\t\t\t<label for=\"form-field-field_39694d1\" class=\"elementor-field-label\">\n\t\t\t\t\t\t\t\tPays\t\t\t\t\t\t\t<\/label>\n\t\t\t\t\t\t\t\t\t\t\t\t\t\t<input size=\"1\" type=\"text\" name=\"form_fields[field_39694d1]\" id=\"form-field-field_39694d1\" class=\"elementor-field elementor-size-md  elementor-field-textual\" placeholder=\"Pays\">\n\t\t\t\t\t\t\t\t\t\t\t<\/div>\n\t\t\t\t\t\t\t\t<div class=\"elementor-field-type-email elementor-field-group elementor-column elementor-field-group-email elementor-col-100 elementor-field-required elementor-mark-required\">\n\t\t\t\t\t\t\t\t\t\t\t\t<label for=\"form-field-email\" class=\"elementor-field-label\">\n\t\t\t\t\t\t\t\tE-mail\t\t\t\t\t\t\t<\/label>\n\t\t\t\t\t\t\t\t\t\t\t\t\t\t<input size=\"1\" type=\"email\" name=\"form_fields[email]\" id=\"form-field-email\" class=\"elementor-field elementor-size-md  elementor-field-textual\" placeholder=\"E-mail\" required=\"required\">\n\t\t\t\t\t\t\t\t\t\t\t<\/div>\n\t\t\t\t\t\t\t\t<div class=\"elementor-field-type-radio elementor-field-group elementor-column elementor-field-group-message elementor-col-100 elementor-field-required elementor-mark-required\">\n\t\t\t\t\t\t\t\t\t\t\t\t<label for=\"form-field-message\" class=\"elementor-field-label\">\n\t\t\t\t\t\t\t\tSouhaitez-vous en plus une coquille Saint-Jacques ? - Prix inclus Passeport de p\u00e8lerin CHF 20.00. (Envoi d'un coquillage possible uniquement en Suisse)\t\t\t\t\t\t\t<\/label>\n\t\t\t\t\t\t<div class=\"elementor-field-subgroup  \"><span class=\"elementor-field-option\"><input type=\"radio\" value=\"Oui\" id=\"form-field-message-0\" name=\"form_fields[message]\" required=\"required\"> <label for=\"form-field-message-0\">Oui<\/label><\/span><span class=\"elementor-field-option\"><input type=\"radio\" value=\"Non\" id=\"form-field-message-1\" name=\"form_fields[message]\" required=\"required\"> <label for=\"form-field-message-1\">Non<\/label><\/span><\/div>\t\t\t\t<\/div>\n\t\t\t\t\t\t\t\t<div class=\"elementor-field-type-date elementor-field-group elementor-column elementor-field-group-field_507f56e elementor-col-100\">\n\t\t\t\t\t\t\t\t\t\t\t\t<label for=\"form-field-field_507f56e\" class=\"elementor-field-label\">\n\t\t\t\t\t\t\t\t Date de d\u00e9but pr\u00e9vue\t\t\t\t\t\t\t<\/label>\n\t\t\t\t\t\t\n\t\t<input type=\"date\" name=\"form_fields[field_507f56e]\" id=\"form-field-field_507f56e\" class=\"elementor-field elementor-size-md  elementor-field-textual elementor-date-field elementor-use-native\" placeholder=\" Date de d\u00e9but pr\u00e9vue\" pattern=\"[0-9]{4}-[0-9]{2}-[0-9]{2}\">\n\t\t\t\t\t\t<\/div>\n\t\t\t\t\t\t\t\t<div class=\"elementor-field-type-text elementor-field-group elementor-column elementor-field-group-field_72f01aa elementor-col-100\">\n\t\t\t\t\t\t\t\t\t\t\t\t<label for=\"form-field-field_72f01aa\" class=\"elementor-field-label\">\n\t\t\t\t\t\t\t\t Lieu de d\u00e9part pr\u00e9vu\t\t\t\t\t\t\t<\/label>\n\t\t\t\t\t\t\t\t\t\t\t\t\t\t<input size=\"1\" type=\"text\" name=\"form_fields[field_72f01aa]\" id=\"form-field-field_72f01aa\" class=\"elementor-field elementor-size-md  elementor-field-textual\" placeholder=\" Lieu de d\u00e9part pr\u00e9vu\">\n\t\t\t\t\t\t\t\t\t\t\t<\/div>\n\t\t\t\t\t\t\t\t<div class=\"elementor-field-type-text elementor-field-group elementor-column elementor-field-group-field_72f01aa elementor-col-100\">\n\t\t\t\t\t\t\t\t\t\t\t\t<label for=\"form-field-field_72f01aa\" class=\"elementor-field-label\">\n\t\t\t\t\t\t\t\t Num\u00e9ro de carte d'identit\u00e9 ou de passeport\t\t\t\t\t\t\t<\/label>\n\t\t\t\t\t\t\t\t\t\t\t\t\t\t<input size=\"1\" type=\"text\" name=\"form_fields[field_72f01aa]\" id=\"form-field-field_72f01aa\" class=\"elementor-field elementor-size-md  elementor-field-textual\" placeholder=\" Num\u00e9ro de carte d&#039;identit\u00e9 ou de passeport\">\n\t\t\t\t\t\t\t\t\t\t\t<\/div>\n\t\t\t\t\t\t\t\t<div class=\"elementor-field-type-textarea elementor-field-group elementor-column elementor-field-group-field_33f9ede elementor-col-100\">\n\t\t\t\t\t\t\t\t\t\t\t\t<label for=\"form-field-field_33f9ede\" class=\"elementor-field-label\">\n\t\t\t\t\t\t\t\t Message\t\t\t\t\t\t\t<\/label>\n\t\t\t\t\t\t<textarea class=\"elementor-field-textual elementor-field  elementor-size-md\" name=\"form_fields[field_33f9ede]\" id=\"form-field-field_33f9ede\" rows=\"4\" placeholder=\" Message\"><\/textarea>\t\t\t\t<\/div>\n\t\t\t\t\t\t\t\t<div class=\"elementor-field-type-recaptcha_v3 elementor-field-group elementor-column elementor-field-group-field_b66c025 elementor-col-100 recaptcha_v3-bottomleft\">\n\t\t\t\t\t<div class=\"elementor-field\" id=\"form-field-field_b66c025\"><div class=\"elementor-g-recaptcha\" data-sitekey=\"6LcOeXIoAAAAAN31S2t3hgcovHEiPFHmQjxW7aUm\" data-type=\"v3\" data-action=\"Form\" data-badge=\"bottomleft\" data-size=\"invisible\"><\/div><\/div>\t\t\t\t<\/div>\n\t\t\t\t\t\t\t\t<div class=\"elementor-field-group elementor-column elementor-field-type-submit elementor-col-20 e-form__buttons\">\n\t\t\t\t\t<button class=\"elementor-button elementor-size-md\" type=\"submit\">\n\t\t\t\t\t\t<span class=\"elementor-button-content-wrapper\">\n\t\t\t\t\t\t\t\t\t\t\t\t\t\t\t\t\t\t\t\t\t\t<span class=\"elementor-button-text\">Envoyer<\/span>\n\t\t\t\t\t\t\t\t\t\t\t\t\t<\/span>\n\t\t\t\t\t<\/button>\n\t\t\t\t<\/div>\n\t\t\t<\/div>\n\t\t<\/form>\n\t\t\t\t\t\t<\/div>\n\t\t\t\t<\/div>\n\t\t\t\t<div class=\"elementor-element elementor-element-d25edfb elementor-widget elementor-widget-spacer\" data-id=\"d25edfb\" data-element_type=\"widget\" data-e-type=\"widget\" data-widget_type=\"spacer.default\">\n\t\t\t\t<div class=\"elementor-widget-container\">\n\t\t\t\t\t\t\t<div class=\"elementor-spacer\">\n\t\t\t<div class=\"elementor-spacer-inner\"><\/div>\n\t\t<\/div>\n\t\t\t\t\t\t<\/div>\n\t\t\t\t<\/div>\n\t\t\t\t<div class=\"elementor-element elementor-element-5e35df5 elementor-widget elementor-widget-text-editor\" data-id=\"5e35df5\" data-element_type=\"widget\" data-e-type=\"widget\" data-widget_type=\"text-editor.default\">\n\t\t\t\t<div class=\"elementor-widget-container\">\n\t\t\t\t\t\t\t\t\t<p>Merci beaucoup pour votre commande.<br \/>Apr\u00e8s l&#8217;envoi, une confirmation appara\u00eet ici, indiquant que la commande a \u00e9t\u00e9 pass\u00e9e.<\/p>\n<p>Le passeport est muni d&#8217;une pochette plastique \u00e9tanche. Il comporte 60 champs de timbre.<\/p>\n<p>Ceux qui pr\u00e9f\u00e8rent commander par simple mail peuvent \u00e9crire \u00e0:<a style=\"color: #0050ad;\" href=\"mailto:pilgerpass@pilgerherberge-sg.ch\">pilgerpass@pilgerherberge-sg.ch<br \/><\/a><\/p>\n<p>Nous avons besoin du nom, de l&#8217;adresse postale et, le cas \u00e9ch\u00e9ant, d&#8217;informations sur la date et le lieu de d\u00e9part.<\/p>\n\t\t\t\t\t\t\t\t<\/div>\n\t\t\t\t<\/div>\n\t\t\t\t<div class=\"elementor-element elementor-element-43b3a5f elementor-widget elementor-widget-heading\" data-id=\"43b3a5f\" data-element_type=\"widget\" data-e-type=\"widget\" data-widget_type=\"heading.default\">\n\t\t\t\t<div class=\"elementor-widget-container\">\n\t\t\t\t\t<h3 class=\"elementor-heading-title elementor-size-default\">Envoi du passeport du p\u00e8lerin<\/h3>\t\t\t\t<\/div>\n\t\t\t\t<\/div>\n\t\t\t\t<div class=\"elementor-element elementor-element-6a342ee elementor-widget elementor-widget-text-editor\" data-id=\"6a342ee\" data-element_type=\"widget\" data-e-type=\"widget\" data-widget_type=\"text-editor.default\">\n\t\t\t\t<div class=\"elementor-widget-container\">\n\t\t\t\t\t\t\t\t\t<p>L&#8217;envoi est effectu\u00e9 dans la semaine de la commande. Il est \u00e9galement possible de commander pour plusieurs personnes. Pour cela, nous avons besoin des informations mentionn\u00e9es pour chaque personne ainsi que de l&#8217;adresse de livraison et de facturation. Le passeport de p\u00e8lerin est d\u00e9livr\u00e9 contre facture. Un bulletin de versement est joint \u00e0 l&#8217;envoi.<\/p>\n\t\t\t\t\t\t\t\t<\/div>\n\t\t\t\t<\/div>\n\t\t\t\t<div class=\"elementor-element elementor-element-9bb519e elementor-widget elementor-widget-heading\" data-id=\"9bb519e\" data-element_type=\"widget\" data-e-type=\"widget\" data-widget_type=\"heading.default\">\n\t\t\t\t<div class=\"elementor-widget-container\">\n\t\t\t\t\t<h3 class=\"elementor-heading-title elementor-size-default\">Prix<\/h3>\t\t\t\t<\/div>\n\t\t\t\t<\/div>\n\t\t\t\t<div class=\"elementor-element elementor-element-a4c9260 elementor-widget elementor-widget-text-editor\" data-id=\"a4c9260\" data-element_type=\"widget\" data-e-type=\"widget\" data-widget_type=\"text-editor.default\">\n\t\t\t\t<div class=\"elementor-widget-container\">\n\t\t\t\t\t\t\t\t\t<p>En achetant le Passeport du p\u00e8lerin, vous soutenez le fonctionnement de <a style=\"color: #0050ad;\" href=\"https:\/\/pilgerherberge-sg.ch\/verein\/\" target=\"_blank\" rel=\"noopener\">l&#8217;Auberge du p\u00e8lerin<\/a> de Saint-Gall et ses manifestations. Les manifestations sont mentionn\u00e9es dans <a style=\"color: #0050ad;\" href=\"https:\/\/pilgerherberge-sg.ch\/wp-content\/uploads\/2023\/08\/Jahresprogramm-2023_Verein-Pilgerherberge-Sankt-Gallen_web.pdf\" target=\"_blank\" rel=\"noopener\">le programme annuel.<\/a><br \/>Le prix est de 15 CHF, traitement, emballage et envoi compris. En cas d&#8217;achat direct \u00e0 l&#8217;auberge des p\u00e8lerins, 12 CHF.<\/p>\n<p>Si vous commandez en m\u00eame temps une coquille Saint-Jacques, le total s&#8217;\u00e9l\u00e8ve \u00e0 20 CHF.<br \/>En cas de commande s\u00e9par\u00e9e d&#8217;une coquille Saint-Jacques, celle-ci co\u00fbte CHF 8.00 (port s\u00e9par\u00e9).<\/p>\n\t\t\t\t\t\t\t\t<\/div>\n\t\t\t\t<\/div>\n\t\t\t\t<div class=\"elementor-element elementor-element-b85669e elementor-widget elementor-widget-heading\" data-id=\"b85669e\" data-element_type=\"widget\" data-e-type=\"widget\" data-widget_type=\"heading.default\">\n\t\t\t\t<div class=\"elementor-widget-container\">\n\t\t\t\t\t<h3 class=\"elementor-heading-title elementor-size-default\">\u00c9diteur du Passeport du p\u00e8lerin<\/h3>\t\t\t\t<\/div>\n\t\t\t\t<\/div>\n\t\t\t\t<div class=\"elementor-element elementor-element-e0a4006 elementor-widget elementor-widget-text-editor\" data-id=\"e0a4006\" data-element_type=\"widget\" data-e-type=\"widget\" data-widget_type=\"text-editor.default\">\n\t\t\t\t<div class=\"elementor-widget-container\">\n\t\t\t\t\t\t\t\t\t<p>Nous d\u00e9livrons le passeport de p\u00e8lerin de <a style=\"color: #0050ad;\" href=\"https:\/\/www.ig-swiss-camino.ch\/CI-Swisscamino-accueil.htm\" target=\"_blank\" rel=\"noopener\">&#8220;IG Swiss Camino&#8221;<\/a>.<br \/>Il est valable pour tous les pays, y compris l&#8217;Espagne.<\/p>\t\t\t\t\t\t\t\t<\/div>\n\t\t\t\t<\/div>\n\t\t\t\t<div class=\"elementor-element elementor-element-99f791c elementor-widget elementor-widget-spacer\" data-id=\"99f791c\" data-element_type=\"widget\" data-e-type=\"widget\" data-widget_type=\"spacer.default\">\n\t\t\t\t<div class=\"elementor-widget-container\">\n\t\t\t\t\t\t\t<div class=\"elementor-spacer\">\n\t\t\t<div class=\"elementor-spacer-inner\"><\/div>\n\t\t<\/div>\n\t\t\t\t\t\t<\/div>\n\t\t\t\t<\/div>\n\t\t\t\t\t<\/div>\n\t\t<\/div>\n\t\t\t\t\t<\/div>\n\t\t<\/section>\n\t\t\t\t<\/div>\n\t\t","protected":false},"excerpt":{"rendered":"<p>Commander un passeport de p\u00e8lerin Nous acceptons la commande du carnet de p\u00e8lerin au moyen du formulaire ci-dessous. Vous pouvez commander une coquille Saint-Jacques en m\u00eame temps. Les champs marqu\u00e9s d&#8217;un * sont obligatoires Merci beaucoup pour votre commande.Apr\u00e8s l&#8217;envoi, une confirmation appara\u00eet ici, indiquant que la commande a \u00e9t\u00e9 pass\u00e9e. Le passeport est muni [&hellip;]<\/p>\n","protected":false},"author":1,"featured_media":0,"parent":0,"menu_order":0,"comment_status":"closed","ping_status":"closed","template":"elementor_header_footer","meta":{"_acf_changed":false,"footnotes":""},"class_list":["post-8832","page","type-page","status-publish","hentry"],"acf":[],"_links":{"self":[{"href":"https:\/\/pilgerherberge-sg.ch\/fr\/wp-json\/wp\/v2\/pages\/8832","targetHints":{"allow":["GET"]}}],"collection":[{"href":"https:\/\/pilgerherberge-sg.ch\/fr\/wp-json\/wp\/v2\/pages"}],"about":[{"href":"https:\/\/pilgerherberge-sg.ch\/fr\/wp-json\/wp\/v2\/types\/page"}],"author":[{"embeddable":true,"href":"https:\/\/pilgerherberge-sg.ch\/fr\/wp-json\/wp\/v2\/users\/1"}],"replies":[{"embeddable":true,"href":"https:\/\/pilgerherberge-sg.ch\/fr\/wp-json\/wp\/v2\/comments?post=8832"}],"version-history":[{"count":4,"href":"https:\/\/pilgerherberge-sg.ch\/fr\/wp-json\/wp\/v2\/pages\/8832\/revisions"}],"predecessor-version":[{"id":8978,"href":"https:\/\/pilgerherberge-sg.ch\/fr\/wp-json\/wp\/v2\/pages\/8832\/revisions\/8978"}],"wp:attachment":[{"href":"https:\/\/pilgerherberge-sg.ch\/fr\/wp-json\/wp\/v2\/media?parent=8832"}],"curies":[{"name":"wp","href":"https:\/\/api.w.org\/{rel}","templated":true}]}}