{"id":8834,"date":"2023-06-22T08:33:13","date_gmt":"2023-06-22T08:33:13","guid":{"rendered":"https:\/\/pilgerherberge-sg.ch\/reservation\/"},"modified":"2025-03-01T14:06:24","modified_gmt":"2025-03-01T14:06:24","slug":"reservation","status":"publish","type":"page","link":"https:\/\/pilgerherberge-sg.ch\/fr\/reservation\/","title":{"rendered":"R\u00e9servation"},"content":{"rendered":"\t\t<div data-elementor-type=\"wp-page\" data-elementor-id=\"8834\" class=\"elementor elementor-8834 elementor-5299\" data-elementor-post-type=\"page\">\n\t\t\t\t\t\t<section class=\"elementor-section elementor-top-section elementor-element elementor-element-312f142 elementor-section-full_width elementor-section-height-default elementor-section-height-default\" data-id=\"312f142\" data-element_type=\"section\" data-e-type=\"section\">\n\t\t\t\t\t\t<div class=\"elementor-container elementor-column-gap-default\">\n\t\t\t\t\t<div class=\"elementor-column elementor-col-100 elementor-top-column elementor-element elementor-element-1dd5658\" data-id=\"1dd5658\" data-element_type=\"column\" data-e-type=\"column\">\n\t\t\t<div class=\"elementor-widget-wrap elementor-element-populated\">\n\t\t\t\t\t\t<div class=\"elementor-element elementor-element-e75e826 elementor-widget elementor-widget-spacer\" data-id=\"e75e826\" data-element_type=\"widget\" data-e-type=\"widget\" data-widget_type=\"spacer.default\">\n\t\t\t\t<div class=\"elementor-widget-container\">\n\t\t\t\t\t\t\t<div class=\"elementor-spacer\">\n\t\t\t<div class=\"elementor-spacer-inner\"><\/div>\n\t\t<\/div>\n\t\t\t\t\t\t<\/div>\n\t\t\t\t<\/div>\n\t\t\t\t<div class=\"elementor-element elementor-element-0ae432e elementor-widget elementor-widget-heading\" data-id=\"0ae432e\" data-element_type=\"widget\" data-e-type=\"widget\" data-widget_type=\"heading.default\">\n\t\t\t\t<div class=\"elementor-widget-container\">\n\t\t\t\t\t<h1 class=\"elementor-heading-title elementor-size-default\">R\u00e9servation en ligne<\/h1>\t\t\t\t<\/div>\n\t\t\t\t<\/div>\n\t\t\t\t<div class=\"elementor-element elementor-element-c2ff24e elementor-widget elementor-widget-spacer\" data-id=\"c2ff24e\" data-element_type=\"widget\" data-e-type=\"widget\" data-widget_type=\"spacer.default\">\n\t\t\t\t<div class=\"elementor-widget-container\">\n\t\t\t\t\t\t\t<div class=\"elementor-spacer\">\n\t\t\t<div class=\"elementor-spacer-inner\"><\/div>\n\t\t<\/div>\n\t\t\t\t\t\t<\/div>\n\t\t\t\t<\/div>\n\t\t\t\t<div class=\"elementor-element elementor-element-b1ca071 elementor-widget elementor-widget-text-editor\" data-id=\"b1ca071\" data-element_type=\"widget\" data-e-type=\"widget\" data-widget_type=\"text-editor.default\">\n\t\t\t\t<div class=\"elementor-widget-container\">\n\t\t\t\t\t\t\t\t\t<p>Les champs marqu\u00e9s d&#8217;un * doivent \u00eatre remplis &#8211; <strong>appuyer sur Envoyer pour terminer.<\/strong> <br \/>Vous recevrez une confirmation de r\u00e9servation.<\/p>\n<p>R\u00e9server une deuxi\u00e8me nuit n&#8217;est possible qu&#8217;apr\u00e8s avoir consult\u00e9 le comit\u00e9 directeur &#8211; sauf en cas de maladie.<br \/>Pas de r\u00e9servation pour les groupes avec transport de bagages.<\/p>\n\t\t\t\t\t\t\t\t<\/div>\n\t\t\t\t<\/div>\n\t\t\t\t\t<\/div>\n\t\t<\/div>\n\t\t\t\t\t<\/div>\n\t\t<\/section>\n\t\t\t\t<section class=\"elementor-section elementor-top-section elementor-element elementor-element-30a21c6 elementor-section-boxed elementor-section-height-default elementor-section-height-default\" data-id=\"30a21c6\" data-element_type=\"section\" data-e-type=\"section\">\n\t\t\t\t\t\t<div class=\"elementor-container elementor-column-gap-default\">\n\t\t\t\t\t<div class=\"elementor-column elementor-col-100 elementor-top-column elementor-element elementor-element-7a47945\" data-id=\"7a47945\" data-element_type=\"column\" data-e-type=\"column\">\n\t\t\t<div class=\"elementor-widget-wrap elementor-element-populated\">\n\t\t\t\t\t\t<div class=\"elementor-element elementor-element-a277560 elementor-widget elementor-widget-shortcode\" data-id=\"a277560\" data-element_type=\"widget\" data-e-type=\"widget\" data-widget_type=\"shortcode.default\">\n\t\t\t\t<div class=\"elementor-widget-container\">\n\t\t\t\t\t\t\t<div class=\"elementor-shortcode\"><\/div>\n\t\t\t\t\t\t<\/div>\n\t\t\t\t<\/div>\n\t\t\t\t<div class=\"elementor-element elementor-element-bd35d6e elementor-widget elementor-widget-spacer\" data-id=\"bd35d6e\" data-element_type=\"widget\" data-e-type=\"widget\" data-widget_type=\"spacer.default\">\n\t\t\t\t<div class=\"elementor-widget-container\">\n\t\t\t\t\t\t\t<div class=\"elementor-spacer\">\n\t\t\t<div class=\"elementor-spacer-inner\"><\/div>\n\t\t<\/div>\n\t\t\t\t\t\t<\/div>\n\t\t\t\t<\/div>\n\t\t\t\t\t<\/div>\n\t\t<\/div>\n\t\t\t\t\t<\/div>\n\t\t<\/section>\n\t\t\t\t<section class=\"elementor-section elementor-top-section elementor-element elementor-element-44b3194 elementor-section-boxed elementor-section-height-default elementor-section-height-default\" data-id=\"44b3194\" data-element_type=\"section\" data-e-type=\"section\">\n\t\t\t\t\t\t<div class=\"elementor-container elementor-column-gap-extended\">\n\t\t\t\t\t<div class=\"elementor-column elementor-col-50 elementor-top-column elementor-element elementor-element-8ae4a29\" data-id=\"8ae4a29\" data-element_type=\"column\" data-e-type=\"column\">\n\t\t\t<div class=\"elementor-widget-wrap elementor-element-populated\">\n\t\t\t\t\t\t<div class=\"elementor-element elementor-element-573a6b7 elementor-widget elementor-widget-heading\" data-id=\"573a6b7\" data-element_type=\"widget\" data-e-type=\"widget\" data-widget_type=\"heading.default\">\n\t\t\t\t<div class=\"elementor-widget-container\">\n\t\t\t\t\t<h2 class=\"elementor-heading-title elementor-size-default\">Saison 2025<\/h2>\t\t\t\t<\/div>\n\t\t\t\t<\/div>\n\t\t\t\t<div class=\"elementor-element elementor-element-45d7b07 elementor-widget elementor-widget-text-editor\" data-id=\"45d7b07\" data-element_type=\"widget\" data-e-type=\"widget\" data-widget_type=\"text-editor.default\">\n\t\t\t\t<div class=\"elementor-widget-container\">\n\t\t\t\t\t\t\t\t\t<p>L&#8217;auberge de p\u00e8lerins est ouverte du samedi 29 mars au dimanche 02 novembre 2025.<\/p>\t\t\t\t\t\t\t\t<\/div>\n\t\t\t\t<\/div>\n\t\t\t\t\t<\/div>\n\t\t<\/div>\n\t\t\t\t<div class=\"elementor-column elementor-col-50 elementor-top-column elementor-element elementor-element-e5066ba\" data-id=\"e5066ba\" data-element_type=\"column\" data-e-type=\"column\">\n\t\t\t<div class=\"elementor-widget-wrap elementor-element-populated\">\n\t\t\t\t\t\t<div class=\"elementor-element elementor-element-5407bc9 elementor-widget elementor-widget-heading\" data-id=\"5407bc9\" data-element_type=\"widget\" data-e-type=\"widget\" data-widget_type=\"heading.default\">\n\t\t\t\t<div class=\"elementor-widget-container\">\n\t\t\t\t\t<h2 class=\"elementor-heading-title elementor-size-default\">Questions sur la r\u00e9servation<\/h2>\t\t\t\t<\/div>\n\t\t\t\t<\/div>\n\t\t\t\t<div class=\"elementor-element elementor-element-70690ff elementor-widget elementor-widget-text-editor\" data-id=\"70690ff\" data-element_type=\"widget\" data-e-type=\"widget\" data-widget_type=\"text-editor.default\">\n\t\t\t\t<div class=\"elementor-widget-container\">\n\t\t\t\t\t\t\t\t\t<p>Les demandes sont toujours possibles par mail: <a style=\"color: #0050ad;\" href=\"mailto:reservation@pilgerherberge-sg.ch\"><br \/>reservation@pilgerherberge-sg.ch<\/a><\/p>\n<p><strong>* uniquement en saison, par t\u00e9l\u00e9phone l&#8217;apr\u00e8s-midi au<\/strong><br \/><a style=\"color: #0050ad;\" href=\"tel:0041712200062\">+41 71 220 00 62<\/a><\/p>\n<div class=\"notranslate\" style=\"all: initial;\"> <\/div>\n\t\t\t\t\t\t\t\t<\/div>\n\t\t\t\t<\/div>\n\t\t\t\t\t<\/div>\n\t\t<\/div>\n\t\t\t\t\t<\/div>\n\t\t<\/section>\n\t\t\t\t<section class=\"elementor-section elementor-top-section elementor-element elementor-element-962e63b elementor-section-boxed elementor-section-height-default elementor-section-height-default\" data-id=\"962e63b\" data-element_type=\"section\" data-e-type=\"section\">\n\t\t\t\t\t\t<div class=\"elementor-container elementor-column-gap-extended\">\n\t\t\t\t\t<div class=\"elementor-column elementor-col-100 elementor-top-column elementor-element elementor-element-a23e94b\" data-id=\"a23e94b\" data-element_type=\"column\" data-e-type=\"column\">\n\t\t\t<div class=\"elementor-widget-wrap elementor-element-populated\">\n\t\t\t\t\t\t<div class=\"elementor-element elementor-element-c94141c elementor-widget elementor-widget-spacer\" data-id=\"c94141c\" data-element_type=\"widget\" data-e-type=\"widget\" data-widget_type=\"spacer.default\">\n\t\t\t\t<div class=\"elementor-widget-container\">\n\t\t\t\t\t\t\t<div class=\"elementor-spacer\">\n\t\t\t<div class=\"elementor-spacer-inner\"><\/div>\n\t\t<\/div>\n\t\t\t\t\t\t<\/div>\n\t\t\t\t<\/div>\n\t\t\t\t\t<\/div>\n\t\t<\/div>\n\t\t\t\t\t<\/div>\n\t\t<\/section>\n\t\t\t\t<\/div>\n\t\t","protected":false},"excerpt":{"rendered":"<p>R\u00e9servation en ligne Les champs marqu\u00e9s d&#8217;un * doivent \u00eatre remplis &#8211; appuyer sur Envoyer pour terminer. Vous recevrez une confirmation de r\u00e9servation. R\u00e9server une deuxi\u00e8me nuit n&#8217;est possible qu&#8217;apr\u00e8s avoir consult\u00e9 le comit\u00e9 directeur &#8211; sauf en cas de maladie.Pas de r\u00e9servation pour les groupes avec transport de bagages. Saison 2025 L&#8217;auberge de p\u00e8lerins [&hellip;]<\/p>\n","protected":false},"author":1,"featured_media":0,"parent":0,"menu_order":0,"comment_status":"closed","ping_status":"closed","template":"elementor_header_footer","meta":{"_acf_changed":false,"footnotes":""},"class_list":["post-8834","page","type-page","status-publish","hentry"],"acf":[],"_links":{"self":[{"href":"https:\/\/pilgerherberge-sg.ch\/fr\/wp-json\/wp\/v2\/pages\/8834","targetHints":{"allow":["GET"]}}],"collection":[{"href":"https:\/\/pilgerherberge-sg.ch\/fr\/wp-json\/wp\/v2\/pages"}],"about":[{"href":"https:\/\/pilgerherberge-sg.ch\/fr\/wp-json\/wp\/v2\/types\/page"}],"author":[{"embeddable":true,"href":"https:\/\/pilgerherberge-sg.ch\/fr\/wp-json\/wp\/v2\/users\/1"}],"replies":[{"embeddable":true,"href":"https:\/\/pilgerherberge-sg.ch\/fr\/wp-json\/wp\/v2\/comments?post=8834"}],"version-history":[{"count":18,"href":"https:\/\/pilgerherberge-sg.ch\/fr\/wp-json\/wp\/v2\/pages\/8834\/revisions"}],"predecessor-version":[{"id":11473,"href":"https:\/\/pilgerherberge-sg.ch\/fr\/wp-json\/wp\/v2\/pages\/8834\/revisions\/11473"}],"wp:attachment":[{"href":"https:\/\/pilgerherberge-sg.ch\/fr\/wp-json\/wp\/v2\/media?parent=8834"}],"curies":[{"name":"wp","href":"https:\/\/api.w.org\/{rel}","templated":true}]}}