{"id":8864,"date":"2023-02-21T08:49:00","date_gmt":"2023-02-21T08:49:00","guid":{"rendered":"https:\/\/pilgerherberge-sg.ch\/mentions-legales\/"},"modified":"2025-03-01T12:08:58","modified_gmt":"2025-03-01T12:08:58","slug":"mentions-legales","status":"publish","type":"page","link":"https:\/\/pilgerherberge-sg.ch\/fr\/mentions-legales\/","title":{"rendered":"Mentions l\u00e9gales"},"content":{"rendered":"\t\t<div data-elementor-type=\"wp-page\" data-elementor-id=\"8864\" class=\"elementor elementor-8864 elementor-246\" data-elementor-post-type=\"page\">\n\t\t\t\t\t\t<section class=\"elementor-section elementor-top-section elementor-element elementor-element-3940ed0 elementor-section-boxed elementor-section-height-default elementor-section-height-default\" data-id=\"3940ed0\" data-element_type=\"section\" data-e-type=\"section\">\n\t\t\t\t\t\t<div class=\"elementor-container elementor-column-gap-default\">\n\t\t\t\t\t<div class=\"elementor-column elementor-col-100 elementor-top-column elementor-element elementor-element-105345b7\" data-id=\"105345b7\" data-element_type=\"column\" data-e-type=\"column\">\n\t\t\t<div class=\"elementor-widget-wrap elementor-element-populated\">\n\t\t\t\t\t\t<div class=\"elementor-element elementor-element-9b704ac elementor-widget elementor-widget-spacer\" data-id=\"9b704ac\" data-element_type=\"widget\" data-e-type=\"widget\" data-widget_type=\"spacer.default\">\n\t\t\t\t<div class=\"elementor-widget-container\">\n\t\t\t\t\t\t\t<div class=\"elementor-spacer\">\n\t\t\t<div class=\"elementor-spacer-inner\"><\/div>\n\t\t<\/div>\n\t\t\t\t\t\t<\/div>\n\t\t\t\t<\/div>\n\t\t\t\t<div class=\"elementor-element elementor-element-4cd4524 elementor-widget elementor-widget-heading\" data-id=\"4cd4524\" data-element_type=\"widget\" data-e-type=\"widget\" data-widget_type=\"heading.default\">\n\t\t\t\t<div class=\"elementor-widget-container\">\n\t\t\t\t\t<h2 class=\"elementor-heading-title elementor-size-default\">Mentions l\u00e9gales<\/h2>\t\t\t\t<\/div>\n\t\t\t\t<\/div>\n\t\t\t\t<div class=\"elementor-element elementor-element-5181d60 elementor-widget elementor-widget-spacer\" data-id=\"5181d60\" data-element_type=\"widget\" data-e-type=\"widget\" data-widget_type=\"spacer.default\">\n\t\t\t\t<div class=\"elementor-widget-container\">\n\t\t\t\t\t\t\t<div class=\"elementor-spacer\">\n\t\t\t<div class=\"elementor-spacer-inner\"><\/div>\n\t\t<\/div>\n\t\t\t\t\t\t<\/div>\n\t\t\t\t<\/div>\n\t\t\t\t<div class=\"elementor-element elementor-element-3310972c elementor-widget elementor-widget-text-editor\" data-id=\"3310972c\" data-element_type=\"widget\" data-e-type=\"widget\" data-widget_type=\"text-editor.default\">\n\t\t\t\t<div class=\"elementor-widget-container\">\n\t\t\t\t\t\t\t\t\t<div class=\"impressum\">\n<h3>Adresse de contact<\/h3>\n<p>Auberge de p\u00e8lerinage de Saint-Gall<br \/>Linseb\u00fchlstrasse 61<br \/>CH &#8211; 9000 St. Gallen<br \/>Suisse<\/p>\n<h3>Personnes autoris\u00e9es \u00e0 repr\u00e9senter l&#8217;association<\/h3>\n<\/div>\n<p>Josef Sch\u00f6nauer, pr\u00e9sident<\/p>\n<h3>Clause de non-responsabilit\u00e9<\/h3>\n<p>L&#8217;auteur n&#8217;assume aucune responsabilit\u00e9 quant \u00e0 la v\u00e9racit\u00e9, l&#8217;exactitude, l&#8217;actualit\u00e9, la fiabilit\u00e9 et l&#8217;exhaustivit\u00e9 du contenu des informations.<\/p>\n<p>L&#8217;auteur ne saurait \u00eatre tenu pour responsable des dommages mat\u00e9riels ou immat\u00e9riels qui pourraient \u00eatre caus\u00e9s par l&#8217;acc\u00e8s aux informations diffus\u00e9es ou par leur utilisation ou non-utilisation, par le mauvais usage de la connexion ou par des probl\u00e8mes techniques.<\/p>\n<p>Toutes les offres sont sans engagement. L&#8217;auteur se r\u00e9serve express\u00e9ment le droit de modifier, de compl\u00e9ter ou de supprimer des parties de pages ou l&#8217;ensemble de l&#8217;offre sans avis pr\u00e9alable, ou d&#8217;en suspendre temporairement ou d\u00e9finitivement la publication.<\/p>\n<h3>Responsabilit\u00e9 pour les liens<\/h3>\n<p>Les renvois et liens vers des sites web de tiers ne rel\u00e8vent pas de notre responsabilit\u00e9. Nous d\u00e9clinons toute responsabilit\u00e9 pour de tels sites web. L&#8217;acc\u00e8s \u00e0 de tels sites et leur utilisation se font aux risques et p\u00e9rils de l&#8217;utilisateur ou de l&#8217;utilisatrice.<\/p>\n<h3>Droits d&#8217;auteur<\/h3>\n<p>Les droits d&#8217;auteur et tous les autres droits li\u00e9s aux contenus, images, photos ou autres fichiers pr\u00e9sents sur le site Internet appartiennent exclusivement \u00e0 <strong>l&#8217;entreprise Pilgerherberge Sankt Gallen<\/strong> ou aux titulaires de droits sp\u00e9cialement cit\u00e9s. Pour la reproduction de tout \u00e9l\u00e9ment, il convient d&#8217;obtenir au pr\u00e9alable l&#8217;accord \u00e9crit des d\u00e9tenteurs des droits d&#8217;auteur.<\/p>\n<h3>D\u00e9claration de protection des donn\u00e9es pour l&#8217;utilisation des plugins Facebook (bouton &#8220;J&#8217;aime&#8221;)<\/h3>\n<p>Des plugins du r\u00e9seau social Facebook, 1601 South California Avenue, Palo Alto, CA 94304, USA, sont int\u00e9gr\u00e9s sur nos pages. Vous reconnaissez les plugins Facebook au logo Facebook ou au bouton &#8220;J&#8217;aime&#8221; (&#8220;Like&#8221;) sur notre site. Vous trouverez un aper\u00e7u des plugins Facebook ici : http:\/\/developers.facebook.com\/docs\/plugins\/.<\/p>\n<p>Lorsque vous visitez nos pages, une connexion directe entre votre navigateur et le serveur Facebook est \u00e9tablie via le plugin. Facebook re\u00e7oit ainsi l&#8217;information que vous avez visit\u00e9 notre site avec votre adresse IP. Si vous cliquez sur le bouton &#8220;Like&#8221; de Facebook alors que vous \u00eates connect\u00e9 \u00e0 votre compte compte Facebook, vous pouvez partager le contenu de nos pages avec votre profil Facebook. sur votre profil Facebook. Cela permet \u00e0 Facebook d&#8217;attribuer la visite de nos pages \u00e0 votre compte d&#8217;utilisateur. Nous attirons votre attention sur le fait qu&#8217;en tant que fournisseur des pages, nous n&#8217;avons pas connaissance du contenu des donn\u00e9es transmises ni de leur utilisation par Facebook. Vous trouverez de plus amples informations \u00e0 ce sujet dans la d\u00e9claration de confidentialit\u00e9 de facebook \u00e0 l&#8217;adresse https:\/\/www.facebook.com\/about\/privacy\/<\/p>\n<p>Si vous ne souhaitez pas que Facebook puisse attribuer la visite de nos pages \u00e0 votre compte d&#8217;utilisateur Facebook, veuillez vous d\u00e9connecter de votre compte d&#8217;utilisateur Facebook.<\/p>\n<h3>Source<\/h3>\n<p>Ces mentions l\u00e9gales ont \u00e9t\u00e9 cr\u00e9\u00e9es le <strong>21.10.2015<\/strong> avec le g\u00e9n\u00e9rateur de mentions l\u00e9gales <strong>http:\/\/www.bag.ch\/impressum-generator<\/strong> de l&#8217;entreprise Brunner AG, Druck und Medien, \u00e0 Kriens. Brunner AG, Druck und Medien, \u00e0 Kriens n&#8217;assume aucune responsabilit\u00e9.<\/p>\n\t\t\t\t\t\t\t\t<\/div>\n\t\t\t\t<\/div>\n\t\t\t\t<div class=\"elementor-element elementor-element-38e12ff elementor-widget elementor-widget-spacer\" data-id=\"38e12ff\" data-element_type=\"widget\" data-e-type=\"widget\" data-widget_type=\"spacer.default\">\n\t\t\t\t<div class=\"elementor-widget-container\">\n\t\t\t\t\t\t\t<div class=\"elementor-spacer\">\n\t\t\t<div class=\"elementor-spacer-inner\"><\/div>\n\t\t<\/div>\n\t\t\t\t\t\t<\/div>\n\t\t\t\t<\/div>\n\t\t\t\t\t<\/div>\n\t\t<\/div>\n\t\t\t\t\t<\/div>\n\t\t<\/section>\n\t\t\t\t<\/div>\n\t\t","protected":false},"excerpt":{"rendered":"<p>Mentions l\u00e9gales Adresse de contact Auberge de p\u00e8lerinage de Saint-GallLinseb\u00fchlstrasse 61CH &#8211; 9000 St. GallenSuisse Personnes autoris\u00e9es \u00e0 repr\u00e9senter l&#8217;association Josef Sch\u00f6nauer, pr\u00e9sident Clause de non-responsabilit\u00e9 L&#8217;auteur n&#8217;assume aucune responsabilit\u00e9 quant \u00e0 la v\u00e9racit\u00e9, l&#8217;exactitude, l&#8217;actualit\u00e9, la fiabilit\u00e9 et l&#8217;exhaustivit\u00e9 du contenu des informations. L&#8217;auteur ne saurait \u00eatre tenu pour responsable des dommages mat\u00e9riels ou [&hellip;]<\/p>\n","protected":false},"author":1,"featured_media":0,"parent":0,"menu_order":0,"comment_status":"closed","ping_status":"closed","template":"elementor_header_footer","meta":{"_acf_changed":false,"footnotes":""},"class_list":["post-8864","page","type-page","status-publish","hentry"],"acf":[],"_links":{"self":[{"href":"https:\/\/pilgerherberge-sg.ch\/fr\/wp-json\/wp\/v2\/pages\/8864","targetHints":{"allow":["GET"]}}],"collection":[{"href":"https:\/\/pilgerherberge-sg.ch\/fr\/wp-json\/wp\/v2\/pages"}],"about":[{"href":"https:\/\/pilgerherberge-sg.ch\/fr\/wp-json\/wp\/v2\/types\/page"}],"author":[{"embeddable":true,"href":"https:\/\/pilgerherberge-sg.ch\/fr\/wp-json\/wp\/v2\/users\/1"}],"replies":[{"embeddable":true,"href":"https:\/\/pilgerherberge-sg.ch\/fr\/wp-json\/wp\/v2\/comments?post=8864"}],"version-history":[{"count":1,"href":"https:\/\/pilgerherberge-sg.ch\/fr\/wp-json\/wp\/v2\/pages\/8864\/revisions"}],"predecessor-version":[{"id":8865,"href":"https:\/\/pilgerherberge-sg.ch\/fr\/wp-json\/wp\/v2\/pages\/8864\/revisions\/8865"}],"wp:attachment":[{"href":"https:\/\/pilgerherberge-sg.ch\/fr\/wp-json\/wp\/v2\/media?parent=8864"}],"curies":[{"name":"wp","href":"https:\/\/api.w.org\/{rel}","templated":true}]}}